{"id":1966,"date":"2014-07-18T17:46:14","date_gmt":"2014-07-18T14:46:14","guid":{"rendered":"http:\/\/mottoblanc.com\/?page_id=1966"},"modified":"2014-07-18T17:46:14","modified_gmt":"2014-07-18T14:46:14","slug":"insan-kaynaklari","status":"publish","type":"page","link":"https:\/\/mottoblanc.com\/?page_id=1966","title":{"rendered":"\u0130nsan Kaynaklar\u0131"},"content":{"rendered":"<div class=\"wpcf7\" id=\"wpcf7-f1967-o1\" lang=\"tr-TR\" dir=\"ltr\">\n<div class=\"screen-reader-response\"><\/div>\n<form name=\"\" action=\"\/index.php?rest_route=%2Fwp%2Fv2%2Fpages%2F1966#wpcf7-f1967-o1\" method=\"post\" class=\"wpcf7-form\" novalidate=\"novalidate\">\n<div style=\"display: none;\">\n<input type=\"hidden\" name=\"_wpcf7\" value=\"1967\" \/>\n<input type=\"hidden\" name=\"_wpcf7_version\" value=\"3.9.3\" \/>\n<input type=\"hidden\" name=\"_wpcf7_locale\" value=\"tr_TR\" \/>\n<input type=\"hidden\" name=\"_wpcf7_unit_tag\" value=\"wpcf7-f1967-o1\" \/>\n<input type=\"hidden\" name=\"_wpnonce\" value=\"cf76812c73\" \/>\n<\/div>\n<p>Ad\u0131n\u0131z (gerekli)<br \/>\n    <span class=\"wpcf7-form-control-wrap your-name\"><input type=\"text\" name=\"your-name\" value=\"\" size=\"40\" class=\"wpcf7-form-control wpcf7-text wpcf7-validates-as-required\" aria-required=\"true\" aria-invalid=\"false\" \/><\/span> <\/p>\n<p>E-postan\u0131z (gerekli)<br \/>\n    <span class=\"wpcf7-form-control-wrap your-email\"><input type=\"email\" name=\"your-email\" value=\"\" size=\"40\" class=\"wpcf7-form-control wpcf7-text wpcf7-email wpcf7-validates-as-required wpcf7-validates-as-email\" aria-required=\"true\" aria-invalid=\"false\" \/><\/span> <\/p>\n<p>Do\u011fum Tarihi<br \/>\n   <span class=\"wpcf7-form-control-wrap dtarihi\"><input type=\"text\" name=\"dtarihi\" value=\"\" size=\"40\" class=\"wpcf7-form-control wpcf7-text\" aria-invalid=\"false\" \/><\/span><\/p>\n<p>Uyru\u011fu<br \/>\n    <span class=\"wpcf7-form-control-wrap uyrugu\"><input type=\"text\" name=\"uyrugu\" value=\"\" size=\"40\" class=\"wpcf7-form-control wpcf7-text\" aria-invalid=\"false\" \/><\/span><\/p>\n<p>Cinsiyet<br \/>\n    <span class=\"wpcf7-form-control-wrap cinsiyet\"><span class=\"wpcf7-form-control wpcf7-radio\"><span class=\"wpcf7-list-item first\"><input type=\"radio\" name=\"cinsiyet\" value=\"Erkek\" \/>&nbsp;<span class=\"wpcf7-list-item-label\">Erkek<\/span><\/span><span class=\"wpcf7-list-item last\"><input type=\"radio\" name=\"cinsiyet\" value=\"Kad\u0131n\" \/>&nbsp;<span class=\"wpcf7-list-item-label\">Kad\u0131n<\/span><\/span><\/span><\/span><\/p>\n<p>Medeli Hal<br \/>\n    <span class=\"wpcf7-form-control-wrap medenihal\"><span class=\"wpcf7-form-control wpcf7-radio\"><span class=\"wpcf7-list-item first\"><input type=\"radio\" name=\"medenihal\" value=\"Bekar\" \/>&nbsp;<span class=\"wpcf7-list-item-label\">Bekar<\/span><\/span><span class=\"wpcf7-list-item\"><input type=\"radio\" name=\"medenihal\" value=\"Evli\" \/>&nbsp;<span class=\"wpcf7-list-item-label\">Evli<\/span><\/span><span class=\"wpcf7-list-item last\"><input type=\"radio\" name=\"medenihal\" value=\"Dul\" \/>&nbsp;<span class=\"wpcf7-list-item-label\">Dul<\/span><\/span><\/span><\/span><\/p>\n<p>Adres<br \/>\n    <span class=\"wpcf7-form-control-wrap adres\"><input type=\"text\" name=\"adres\" value=\"\" size=\"40\" class=\"wpcf7-form-control wpcf7-text\" aria-invalid=\"false\" \/><\/span><\/p>\n<p>Telefon<br \/>\n    <span class=\"wpcf7-form-control-wrap telefon\"><input type=\"text\" name=\"telefon\" value=\"\" size=\"40\" class=\"wpcf7-form-control wpcf7-text\" aria-invalid=\"false\" \/><\/span><\/p>\n<p>Askerlik<br \/>\n    <span class=\"wpcf7-form-control-wrap askerlik\"><span class=\"wpcf7-form-control wpcf7-radio\"><span class=\"wpcf7-list-item first\"><input type=\"radio\" name=\"askerlik\" value=\"Yap\u0131ld\u0131\" \/>&nbsp;<span class=\"wpcf7-list-item-label\">Yap\u0131ld\u0131<\/span><\/span><span class=\"wpcf7-list-item\"><input type=\"radio\" name=\"askerlik\" value=\"Muhaf\" \/>&nbsp;<span class=\"wpcf7-list-item-label\">Muhaf<\/span><\/span><span class=\"wpcf7-list-item last\"><input type=\"radio\" name=\"askerlik\" value=\"Tecilli\" \/>&nbsp;<span class=\"wpcf7-list-item-label\">Tecilli<\/span><\/span><\/span><\/span><\/p>\n<p>Ciddi bir sa\u011fl\u0131k probleminiz varm\u0131<br \/>\n    <span class=\"wpcf7-form-control-wrap saglik\"><span class=\"wpcf7-form-control wpcf7-radio\"><span class=\"wpcf7-list-item first\"><input type=\"radio\" name=\"saglik\" value=\"var\" \/>&nbsp;<span class=\"wpcf7-list-item-label\">var<\/span><\/span><span class=\"wpcf7-list-item last\"><input type=\"radio\" name=\"saglik\" value=\"yok\" \/>&nbsp;<span class=\"wpcf7-list-item-label\">yok<\/span><\/span><\/span><\/span><\/p>\n<p>Ehliyetiniz varm\u0131<br \/>\n    <span class=\"wpcf7-form-control-wrap ehliyet\"><span class=\"wpcf7-form-control wpcf7-radio\"><span class=\"wpcf7-list-item first\"><input type=\"radio\" name=\"ehliyet\" value=\"Var\" \/>&nbsp;<span class=\"wpcf7-list-item-label\">Var<\/span><\/span><span class=\"wpcf7-list-item last\"><input type=\"radio\" name=\"ehliyet\" value=\"Yok\" \/>&nbsp;<span class=\"wpcf7-list-item-label\">Yok<\/span><\/span><\/span><\/span><\/p>\n<p>Ehliyetiniz varsa s\u0131n\u0131f\u0131n\u0131 belirtiniz<br \/>\n    <span class=\"wpcf7-form-control-wrap ehliyetvar\"><input type=\"text\" name=\"ehliyetvar\" value=\"\" size=\"40\" class=\"wpcf7-form-control wpcf7-text\" aria-invalid=\"false\" \/><\/span><\/p>\n<p>Sigara<br \/>\n    <span class=\"wpcf7-form-control-wrap sigara\"><span class=\"wpcf7-form-control wpcf7-radio\"><span class=\"wpcf7-list-item first\"><input type=\"radio\" name=\"sigara\" value=\"Kullan\u0131yorum\" \/>&nbsp;<span class=\"wpcf7-list-item-label\">Kullan\u0131yorum<\/span><\/span><span class=\"wpcf7-list-item last\"><input type=\"radio\" name=\"sigara\" value=\"Kullanm\u0131yorum\" \/>&nbsp;<span class=\"wpcf7-list-item-label\">Kullanm\u0131yorum<\/span><\/span><\/span><\/span><\/p>\n<p><input type=\"submit\" value=\"G\u00f6nder\" class=\"wpcf7-form-control wpcf7-submit\" \/><\/p>\n<div class=\"wpcf7-response-output wpcf7-display-none\"><\/div><\/form><\/div>\n","protected":false},"excerpt":{"rendered":"","protected":false},"author":1,"featured_media":0,"parent":0,"menu_order":0,"comment_status":"open","ping_status":"open","template":"","meta":[],"_links":{"self":[{"href":"https:\/\/mottoblanc.com\/index.php?rest_route=\/wp\/v2\/pages\/1966"}],"collection":[{"href":"https:\/\/mottoblanc.com\/index.php?rest_route=\/wp\/v2\/pages"}],"about":[{"href":"https:\/\/mottoblanc.com\/index.php?rest_route=\/wp\/v2\/types\/page"}],"author":[{"embeddable":true,"href":"https:\/\/mottoblanc.com\/index.php?rest_route=\/wp\/v2\/users\/1"}],"replies":[{"embeddable":true,"href":"https:\/\/mottoblanc.com\/index.php?rest_route=%2Fwp%2Fv2%2Fcomments&post=1966"}],"version-history":[{"count":1,"href":"https:\/\/mottoblanc.com\/index.php?rest_route=\/wp\/v2\/pages\/1966\/revisions"}],"predecessor-version":[{"id":1968,"href":"https:\/\/mottoblanc.com\/index.php?rest_route=\/wp\/v2\/pages\/1966\/revisions\/1968"}],"wp:attachment":[{"href":"https:\/\/mottoblanc.com\/index.php?rest_route=%2Fwp%2Fv2%2Fmedia&parent=1966"}],"curies":[{"name":"wp","href":"https:\/\/api.w.org\/{rel}","templated":true}]}}