{"id":2298,"date":"2014-07-21T16:43:00","date_gmt":"2014-07-21T13:43:00","guid":{"rendered":"http:\/\/mottoblanc.com\/?page_id=2298"},"modified":"2014-07-21T16:43:00","modified_gmt":"2014-07-21T13:43:00","slug":"musteri-girisi","status":"publish","type":"page","link":"http:\/\/mottoblanc.com\/?page_id=2298","title":{"rendered":"M\u00fc\u015fteri Giri\u015fi"},"content":{"rendered":"<div class=\"wpcf7\" id=\"wpcf7-f2297-o1\" lang=\"tr-TR\" dir=\"ltr\">\n<div class=\"screen-reader-response\"><\/div>\n<form name=\"\" action=\"\/index.php?rest_route=%2Fwp%2Fv2%2Fpages%2F2298#wpcf7-f2297-o1\" method=\"post\" class=\"wpcf7-form\" novalidate=\"novalidate\">\n<div style=\"display: none;\">\n<input type=\"hidden\" name=\"_wpcf7\" value=\"2297\" \/>\n<input type=\"hidden\" name=\"_wpcf7_version\" value=\"3.9.3\" \/>\n<input type=\"hidden\" name=\"_wpcf7_locale\" value=\"tr_TR\" \/>\n<input type=\"hidden\" name=\"_wpcf7_unit_tag\" value=\"wpcf7-f2297-o1\" \/>\n<input type=\"hidden\" name=\"_wpnonce\" value=\"b356c47647\" \/>\n<\/div>\n<p>Ad\u0131n\u0131z (gerekli)<br \/>\n    <span class=\"wpcf7-form-control-wrap your-name\"><input type=\"text\" name=\"your-name\" value=\"\" size=\"40\" class=\"wpcf7-form-control wpcf7-text wpcf7-validates-as-required\" aria-required=\"true\" aria-invalid=\"false\" \/><\/span> <\/p>\n<p>Epostan\u0131z (gerekli)<br \/>\n    <span class=\"wpcf7-form-control-wrap your-email\"><input type=\"email\" name=\"your-email\" value=\"\" size=\"40\" class=\"wpcf7-form-control wpcf7-text wpcf7-email wpcf7-validates-as-required wpcf7-validates-as-email\" aria-required=\"true\" aria-invalid=\"false\" \/><\/span> <\/p>\n<p>Telefon (gerekli)<br \/>\n    <span class=\"wpcf7-form-control-wrap telefon\"><input type=\"text\" name=\"telefon\" value=\"\" size=\"40\" class=\"wpcf7-form-control wpcf7-text wpcf7-validates-as-required\" aria-required=\"true\" aria-invalid=\"false\" \/><\/span><\/p>\n<p>Firma Ad\u0131<br \/>\n    <span class=\"wpcf7-form-control-wrap firmaad\"><input type=\"text\" name=\"firmaad\" value=\"\" size=\"40\" class=\"wpcf7-form-control wpcf7-text\" aria-invalid=\"false\" \/><\/span> <\/p>\n<p><input type=\"submit\" value=\"G\u00f6nder\" class=\"wpcf7-form-control wpcf7-submit\" \/><\/p>\n<div class=\"wpcf7-response-output wpcf7-display-none\"><\/div><\/form><\/div>\n","protected":false},"excerpt":{"rendered":"","protected":false},"author":1,"featured_media":0,"parent":0,"menu_order":0,"comment_status":"open","ping_status":"open","template":"","meta":[],"_links":{"self":[{"href":"http:\/\/mottoblanc.com\/index.php?rest_route=\/wp\/v2\/pages\/2298"}],"collection":[{"href":"http:\/\/mottoblanc.com\/index.php?rest_route=\/wp\/v2\/pages"}],"about":[{"href":"http:\/\/mottoblanc.com\/index.php?rest_route=\/wp\/v2\/types\/page"}],"author":[{"embeddable":true,"href":"http:\/\/mottoblanc.com\/index.php?rest_route=\/wp\/v2\/users\/1"}],"replies":[{"embeddable":true,"href":"http:\/\/mottoblanc.com\/index.php?rest_route=%2Fwp%2Fv2%2Fcomments&post=2298"}],"version-history":[{"count":1,"href":"http:\/\/mottoblanc.com\/index.php?rest_route=\/wp\/v2\/pages\/2298\/revisions"}],"predecessor-version":[{"id":2299,"href":"http:\/\/mottoblanc.com\/index.php?rest_route=\/wp\/v2\/pages\/2298\/revisions\/2299"}],"wp:attachment":[{"href":"http:\/\/mottoblanc.com\/index.php?rest_route=%2Fwp%2Fv2%2Fmedia&parent=2298"}],"curies":[{"name":"wp","href":"https:\/\/api.w.org\/{rel}","templated":true}]}}